{"id":34,"date":"2023-07-27T17:44:45","date_gmt":"2023-07-27T15:44:45","guid":{"rendered":"https:\/\/kidsacademy.fun\/?page_id=34"},"modified":"2025-08-13T19:25:53","modified_gmt":"2025-08-13T17:25:53","slug":"kursy","status":"publish","type":"page","link":"https:\/\/kidsacademy.fun\/?page_id=34","title":{"rendered":"Kursy"},"content":{"rendered":"<p>[et_pb_section fb_built=&#8221;1&#8243; fullwidth=&#8221;on&#8221; next_background_color=&#8221;#ffffff&#8221; admin_label=&#8221;Header&#8221; _builder_version=&#8221;4.21.0&#8243; background_color=&#8221;#ef55ad&#8221; background_image=&#8221;https:\/\/kidsacademy.fun\/wp-content\/uploads\/2023\/07\/day_care_bg_02.png&#8221; parallax=&#8221;on&#8221; width=&#8221;100%&#8221; max_width=&#8221;100%&#8221; min_height=&#8221;379px&#8221; min_height_tablet=&#8221;334px&#8221; min_height_phone=&#8221;267px&#8221; min_height_last_edited=&#8221;on|tablet&#8221; height=&#8221;100px&#8221; max_height=&#8221;367px&#8221; max_height_tablet=&#8221;367px&#8221; max_height_phone=&#8221;422px&#8221; max_height_last_edited=&#8221;on|phone&#8221; custom_margin=&#8221;||&#8221; custom_padding=&#8221;||&#8221; top_divider_height_tablet=&#8221;&#8221; top_divider_height_phone=&#8221;41px&#8221; top_divider_height_last_edited=&#8221;on|phone&#8221; bottom_divider_style=&#8221;waves&#8221; bottom_divider_height=&#8221;2vw&#8221; bottom_divider_height_last_edited=&#8221;off|desktop&#8221; global_colors_info=&#8221;{}&#8221;][et_pb_fullwidth_header title=&#8221;Kursy&#8221; text_orientation=&#8221;center&#8221; content_max_width=&#8221;650px&#8221; _builder_version=&#8221;4.21.0&#8243; title_font=&#8221;Roboto||||||||&#8221; title_font_size=&#8221;80px&#8221; title_line_height=&#8221;1.4em&#8221; content_font=&#8221;Muli||||||||&#8221; content_font_size=&#8221;18px&#8221; content_line_height=&#8221;1.8em&#8221; subhead_font=&#8221;||||||||&#8221; background_color=&#8221;rgba(126,190,197,0)&#8221; custom_button_one=&#8221;on&#8221; button_one_text_size=&#8221;16px&#8221; button_one_text_color=&#8221;#ff236c&#8221; button_one_bg_color=&#8221;#ffffff&#8221; button_one_border_width=&#8221;12px&#8221; button_one_border_color=&#8221;rgba(0,0,0,0)&#8221; button_one_border_radius=&#8221;50px&#8221; button_one_letter_spacing=&#8221;4px&#8221; button_one_font=&#8221;Fredoka One|||on|||||&#8221; button_one_use_icon=&#8221;off&#8221; custom_button_two=&#8221;on&#8221; button_two_text_size=&#8221;16px&#8221; button_two_text_color=&#8221;#ff236c&#8221; button_two_bg_color=&#8221;#ffffff&#8221; button_two_border_width=&#8221;12px&#8221; button_two_border_color=&#8221;#ffffff&#8221; button_two_border_radius=&#8221;50px&#8221; button_two_letter_spacing=&#8221;4px&#8221; button_two_font=&#8221;Fredoka One|900||on|||||&#8221; button_two_use_icon=&#8221;off&#8221; min_height=&#8221;435.7px&#8221; custom_margin=&#8221;||||false&#8221; custom_padding=&#8221;3vw||3vw||true|&#8221; custom_padding_last_edited=&#8221;off|desktop&#8221; animation_style=&#8221;zoom&#8221; animation_intensity_zoom=&#8221;5%&#8221; title_font_size_tablet=&#8221;60px&#8221; title_font_size_phone=&#8221;40px&#8221; title_font_size_last_edited=&#8221;on|phone&#8221; content_font_size_tablet=&#8221;&#8221; content_font_size_phone=&#8221;16px&#8221; content_font_size_last_edited=&#8221;on|phone&#8221; custom_css_header_container=&#8221;width: 100%;&#8221; title_text_shadow_style=&#8221;preset1&#8243; title_text_shadow_blur_strength=&#8221;0.14em&#8221; title_text_shadow_color=&#8221;rgba(0,0,0,0.12)&#8221; box_shadow_style_button_one=&#8221;preset3&#8243; box_shadow_blur_button_one=&#8221;48px&#8221; button_one_letter_spacing_hover=&#8221;4px&#8221; button_two_letter_spacing_hover=&#8221;4px&#8221; global_colors_info=&#8221;{}&#8221; button_one_text_size__hover_enabled=&#8221;off&#8221; button_two_text_size__hover_enabled=&#8221;off&#8221; button_one_text_color__hover_enabled=&#8221;off&#8221; button_two_text_color__hover_enabled=&#8221;off&#8221; button_one_border_width__hover_enabled=&#8221;off&#8221; button_two_border_width__hover_enabled=&#8221;off&#8221; button_one_border_color__hover_enabled=&#8221;off&#8221; button_two_border_color__hover_enabled=&#8221;off&#8221; button_one_border_radius__hover_enabled=&#8221;off&#8221; button_two_border_radius__hover_enabled=&#8221;off&#8221; button_one_letter_spacing__hover_enabled=&#8221;on&#8221; button_one_letter_spacing__hover=&#8221;4px&#8221; button_two_letter_spacing__hover_enabled=&#8221;on&#8221; button_two_letter_spacing__hover=&#8221;4px&#8221; button_one_bg_color__hover_enabled=&#8221;off&#8221; button_two_bg_color__hover_enabled=&#8221;off&#8221; background_color__hover=&#8221;#7EBEC5&#8243; background_color__hover_enabled=&#8221;#7EBEC5&#8243; use_background_color_gradient__hover=&#8221;off&#8221; use_background_color_gradient__hover_enabled=&#8221;off&#8221; background_color_gradient_start__hover=&#8221;#2b87da&#8221; background_color_gradient_start__hover_enabled=&#8221;#2b87da&#8221; background_color_gradient_end__hover=&#8221;#29c4a9&#8243; background_color_gradient_end__hover_enabled=&#8221;#29c4a9&#8243; background_color_gradient_type__hover=&#8221;linear&#8221; background_color_gradient_type__hover_enabled=&#8221;linear&#8221; background_color_gradient_direction__hover=&#8221;180deg&#8221; background_color_gradient_direction__hover_enabled=&#8221;180deg&#8221; background_color_gradient_direction_radial__hover=&#8221;center&#8221; background_color_gradient_direction_radial__hover_enabled=&#8221;center&#8221; background_color_gradient_start_position__hover=&#8221;0%&#8221; background_color_gradient_start_position__hover_enabled=&#8221;0%&#8221; background_color_gradient_end_position__hover=&#8221;100%&#8221; background_color_gradient_end_position__hover_enabled=&#8221;100%&#8221; background_color_gradient_overlays_image__hover=&#8221;off&#8221; background_color_gradient_overlays_image__hover_enabled=&#8221;off&#8221; parallax__hover=&#8221;off&#8221; parallax__hover_enabled=&#8221;off&#8221; parallax_method__hover=&#8221;off&#8221; parallax_method__hover_enabled=&#8221;off&#8221; background_size__hover=&#8221;cover&#8221; background_size__hover_enabled=&#8221;cover&#8221; background_position__hover=&#8221;center&#8221; background_position__hover_enabled=&#8221;center&#8221; background_repeat__hover=&#8221;no-repeat&#8221; background_repeat__hover_enabled=&#8221;no-repeat&#8221; background_blend__hover=&#8221;normal&#8221; background_blend__hover_enabled=&#8221;normal&#8221; allow_player_pause__hover=&#8221;off&#8221; allow_player_pause__hover_enabled=&#8221;off&#8221; background_video_pause_outside_viewport__hover=&#8221;on&#8221; background_video_pause_outside_viewport__hover_enabled=&#8221;on&#8221; background_color_gradient_stops__hover=&#8221;#2b87da 0%|#29c4a9 100%&#8221;][\/et_pb_fullwidth_header][\/et_pb_section][et_pb_section fb_built=&#8221;1&#8243; admin_label=&#8221;Programs&#8221; _builder_version=&#8221;4.16&#8243; parallax=&#8221;on&#8221; module_alignment=&#8221;right&#8221; custom_margin=&#8221;-80px|||||&#8221; custom_padding=&#8221;0vw||||false|false&#8221; top_divider_style=&#8221;waves&#8221; top_divider_color=&#8221;#ffffff&#8221; top_divider_height=&#8221;6vw&#8221; top_divider_repeat=&#8221;0.75x&#8221; top_divider_flip=&#8221;vertical&#8221; border_radii=&#8221;||||38px&#8221; box_shadow_style=&#8221;preset6&#8243; box_shadow_vertical=&#8221;100px&#8221; box_shadow_blur=&#8221;140px&#8221; box_shadow_spread=&#8221;-40px&#8221; box_shadow_color=&#8221;rgba(0,0,0,0.07)&#8221; global_colors_info=&#8221;{}&#8221;][et_pb_row column_structure=&#8221;1_2,1_2&#8243; make_equal=&#8221;on&#8221; _builder_version=&#8221;4.16&#8243; global_colors_info=&#8221;{}&#8221;][et_pb_column type=&#8221;1_2&#8243; _builder_version=&#8221;4.16&#8243; custom_padding=&#8221;|||&#8221; global_colors_info=&#8221;{}&#8221; custom_padding__hover=&#8221;|||&#8221;][et_pb_text _builder_version=&#8221;4.21.0&#8243; text_font=&#8221;||||||||&#8221; header_font=&#8221;||||||||&#8221; header_2_font=&#8221;Fredoka One||||||||&#8221; header_2_font_size=&#8221;42px&#8221; header_2_line_height=&#8221;1.4em&#8221; header_2_font_size_tablet=&#8221;&#8221; header_2_font_size_phone=&#8221;30px&#8221; header_2_font_size_last_edited=&#8221;on|phone&#8221; inline_fonts=&#8221;Space Grotesk,Roboto,Akaya Telivigala,Caveat Brush&#8221; global_colors_info=&#8221;{}&#8221;]<\/p>\n<h2><span style=\"font-family: Caveat Brush; font-weight: normal;\"><strong>KURS DLA PRZEDSZKOLAK\u00d3W FUNTOWN JUNIOR 4-6 lat ZAJ\u0118CIA 2 RAZY W&nbsp;TYGODNIU PO&nbsp;40 MIN<\/strong><\/span><\/h2>\n<h6><\/h6>\n<h6><\/h6>\n<p>[\/et_pb_text][\/et_pb_column][et_pb_column type=&#8221;1_2&#8243; _builder_version=&#8221;4.16&#8243; custom_padding=&#8221;|||&#8221; global_colors_info=&#8221;{}&#8221; custom_padding__hover=&#8221;|||&#8221;][et_pb_text _builder_version=&#8221;4.21.0&#8243; text_font=&#8221;||||||||&#8221; text_font_size=&#8221;16px&#8221; text_line_height=&#8221;2em&#8221; header_font=&#8221;||||||||&#8221; header_6_font=&#8221;||||||||&#8221; text_font_size_tablet=&#8221;&#8221; text_font_size_phone=&#8221;14px&#8221; text_font_size_last_edited=&#8221;on|phone&#8221; locked=&#8221;off&#8221; global_colors_info=&#8221;{}&#8221;]<\/p>\n<p style=\"font-weight: 400;\"><strong>Trzy poziomy przygody z\u00a0gadaj\u0105cymi ksi\u0105\u017ceczkami, kt\u00f3re przenosz\u0105 dzieci w\u00a0bajkowy \u015bwiat.<\/strong><\/p>\n<p style=\"font-weight: 400;\"><strong>W\u00a0Kids Academy zamieszka\u0142a ogromna, kolorowa g\u0105sienica, kt\u00f3ra\u00a0ma\u00a0wielki apetyt i\u00a0lubi gdy\u00a0na\u00a0zaj\u0119cia przychodz\u0105 dzieci, kt\u00f3re przynosz\u0105 jej ukochany przysmak \u2013 angielskie s\u0142\u00f3wko. <\/strong><\/p>\n<p style=\"font-weight: 400;\"><strong>A\u00a0mo\u017ce twoje\u00a0dziecko chce j\u0105\u00a0spotka\u0107?<\/strong><\/p>\n<p style=\"font-weight: 400;\">Na\u00a0zaj\u0119ciach <strong>Funtown Junior<\/strong> dzieci:<\/p>\n<ul style=\"text-align: justify;\">\n<li>\n<div style=\"text-align: left;\"><span>ucz\u0105 si\u0119 j\u0119zyka naturalnie<\/span><\/div>\n<\/li>\n<li style=\"text-align: left;\">\n<p style=\"font-weight: 400;\">poznaj\u0105 mn\u00f3stwo s\u0142\u00f3w, ale m\u00f3wi\u0105 pe\u0142nymi zdaniami<\/p>\n<\/li>\n<li style=\"text-align: left;\">\n<div><span>\u015bwiat bajek i\u00a0natury jest zgodny z\u00a0ich zainteresowaniami<\/span><\/div>\n<div><\/div>\n<\/li>\n<li style=\"text-align: left;\">\n<div><span>z\u00a0zapartym tchem \u015bledz\u0105 przygody ukochanej g\u0105sienicy<\/span><\/div>\n<div><\/div>\n<\/li>\n<li style=\"text-align: left;\">\n<div><span>najszybciej ucz\u0105 si\u0119 w\u00a0grupie na\u015bladuj\u0105c inne dzieci<\/span><\/div>\n<div><\/div>\n<\/li>\n<li style=\"text-align: left;\">\n<p style=\"font-weight: 400;\">rocznie opanowuj\u0105 nawet 300 s\u0142\u00f3w i\u00a0zwrot\u00f3w<\/p>\n<\/li>\n<li style=\"text-align: left;\">\n<div><span>bawi\u0105 si\u0119, ta\u0144cz\u0105, \u015bpiewaj\u0105 w\u00a0j\u0119zyku angielskim<\/span><\/div>\n<div><\/div>\n<\/li>\n<li>\n<p style=\"font-weight: 400; text-align: left;\">z\u00a0niecierpliwo\u015bci\u0105 czekaj\u0105 na\u00a0kolejne zaj\u0119cia!<\/p>\n<\/li>\n<\/ul>\n<p style=\"font-weight: 400;\"><strong>Nasza niesamowita g\u0105sienica, le\u017c\u0105ca na\u00a0mi\u0119ciutkim li\u015bciu \u2013 sprawia, \u017ce\u00a0ka\u017cda lekcja to\u00a0niezwyk\u0142a przygoda! Jest tak\u00a0d\u0142uga, \u017ce\u00a0ka\u017cdy maluch w\u00a0grupie mo\u017ce si\u0119 do\u00a0niej przytuli\u0107!<\/strong><\/p>\n<p style=\"font-weight: 400;\">Przysmakiem g\u0105sienicy s\u0105\u00a0okr\u0105g\u0142e karty ze\u00a0s\u0142\u00f3wkami! <strong>Yummy!!<\/strong> Im\u00a0wi\u0119cej znamy s\u0142\u00f3wek, tym d\u0142u\u017csze g\u0105sienice mo\u017cemy z\u00a0nich budowa\u0107!<\/p>\n<div><b><span>Caterpillar Multibox<\/span><\/b><span> \u2013 magiczne, kolorowe pude\u0142ko pe\u0142ne niespodzianek i\u00a0aktywno\u015bci. <\/span><\/div>\n<div><\/div>\n<p style=\"text-align: justify;\">\n<p style=\"font-weight: 400;\"><strong>Teczka ucznia<\/strong> jest pe\u0142na niespodzianek! Interaktywna ksi\u0105\u017ceczka, kolorowanka, magiczny pi\u00f3rnik i\u00a0kredki!<\/p>\n<p>[\/et_pb_text][\/et_pb_column][\/et_pb_row][et_pb_row column_structure=&#8221;1_2,1_2&#8243; make_equal=&#8221;on&#8221; _builder_version=&#8221;4.21.0&#8243; global_colors_info=&#8221;{}&#8221;][et_pb_column type=&#8221;1_2&#8243; _builder_version=&#8221;4.16&#8243; custom_padding=&#8221;|||&#8221; global_colors_info=&#8221;{}&#8221; custom_padding__hover=&#8221;|||&#8221;][et_pb_text _builder_version=&#8221;4.21.0&#8243; text_font=&#8221;||||||||&#8221; header_font=&#8221;||||||||&#8221; header_2_font=&#8221;Fredoka One||||||||&#8221; header_2_font_size=&#8221;42px&#8221; header_2_line_height=&#8221;1.4em&#8221; header_2_font_size_tablet=&#8221;&#8221; header_2_font_size_phone=&#8221;30px&#8221; header_2_font_size_last_edited=&#8221;on|phone&#8221; inline_fonts=&#8221;Changa,Source Sans Pro,Roboto,Akaya Telivigala,Caveat Brush&#8221; global_colors_info=&#8221;{}&#8221;]<\/p>\n<h2><span style=\"font-family: Caveat Brush; font-weight: normal;\"><strong>KURS DLA DZIECI SZKOLNYCH 7-13 LAT FUNTOWN ZAJ\u0118CIA <br \/>2 RAZY W\u00a0TYGODNIU <br \/>PO\u00a060 MIN<\/strong><\/span><\/h2>\n<h6><\/h6>\n<p>[\/et_pb_text][\/et_pb_column][et_pb_column type=&#8221;1_2&#8243; _builder_version=&#8221;4.16&#8243; custom_padding=&#8221;|||&#8221; global_colors_info=&#8221;{}&#8221; custom_padding__hover=&#8221;|||&#8221;][et_pb_text _builder_version=&#8221;4.21.0&#8243; text_font=&#8221;||||||||&#8221; text_font_size=&#8221;16px&#8221; text_line_height=&#8221;2em&#8221; header_font=&#8221;||||||||&#8221; header_6_font=&#8221;||||||||&#8221; text_font_size_tablet=&#8221;&#8221; text_font_size_phone=&#8221;14px&#8221; text_font_size_last_edited=&#8221;on|phone&#8221; locked=&#8221;off&#8221; global_colors_info=&#8221;{}&#8221;]<\/p>\n<p style=\"font-weight: 400; text-align: justify;\"><span><strong>FUNTOWN &#8211; angielski ca\u0142kiem inaczej ni\u017c w szkole!<\/strong><\/span><\/p>\n<p style=\"font-weight: 400; text-align: justify;\"><span>Oferujemy 3 poziomy Funtown:<\/span><\/p>\n<p><strong><span><\/span><\/strong><\/p>\n<ul>\n<li style=\"font-weight: 400;\"><strong>Funville 7-8 lat<br \/><\/strong><\/li>\n<li style=\"font-weight: 400;\"><strong>Funtown 9-10 lat<br \/><\/strong><\/li>\n<li style=\"font-weight: 400;\"><strong>Funcity 11-12 lat<br \/><\/strong><\/li>\n<\/ul>\n<p style=\"font-weight: 400;\"><strong>Czym Funtown r\u00f3\u017cni si\u0119 od\u00a0zwyk\u0142ych zaj\u0119\u0107 i\u00a0innych metod nauki?<\/strong><\/p>\n<p style=\"font-weight: 400;\"><strong>FUNTOWN<\/strong> \u2013 to\u00a0miasteczko, w\u00a0kt\u00f3rym\u00a0dzieci bawi\u0105 si\u0119 i\u00a0ucz\u0105 m\u00f3wi\u0107 po\u00a0angielsku! Im\u00a0wi\u0119cej s\u0142\u00f3wek znaj\u0105 tym wi\u0119ksze staje si\u0119 ich miasto. To\u00a0\u015bwietna motywacja do\u00a0nauki!<\/p>\n<p style=\"font-weight: 400;\"><strong>Twoje dziecko rozwinie przede wszystkim wa\u017cn\u0105 umiej\u0119tno\u015b\u0107 komunikacji, ale tak\u017ce opanuje gramatyk\u0119. Zapami\u0119ta oko\u0142o 3000 s\u0142\u00f3w i zwrot\u00f3w rocznie, a do tego b\u0119dzie si\u0119 \u015bwietnie bawi\u0107.<\/strong><\/p>\n<ul style=\"text-align: justify;\">\n<li style=\"text-align: left;\"><span><span><span>Zamiast zwyk\u0142ych ksi\u0105\u017cek \u2013 <\/span><\/span><\/span><b style=\"font-size: 16px;\">interaktrywne gamebooki<\/b><span style=\"font-size: 16px;\">, pe\u0142ne niespodzianek i\u00a0zabawnych komiks\u00f3w, oraz\u00a0opowiada\u0144 o\u00a0mieszka\u0144cach Funtown,<\/span><\/li>\n<li style=\"text-align: left;\"><span><span>zamiast unit\u00f3w w\u00a0ksi\u0105\u017ckach \u2013 pokonywanie kolejnych leveli,<br \/><\/span><\/span><\/li>\n<li style=\"text-align: left;\"><span><span><span>zamiast setek nudnych \u0107wicze\u0144 <\/span><\/span><\/span><span style=\"font-size: 16px;\">do\u00a0powtarzania s\u0142\u00f3wek i\u00a0gramatyki niesamowita <\/span><b style=\"font-size: 16px;\">gra planszowa<\/b><span style=\"font-size: 16px;\">, gdzie za\u00a0dobre odpowiedzi zbieramu \u201e<\/span><b style=\"font-size: 16px;\">Funcoins\u201d specjaln\u0105 walut\u0119 Funtown<\/b><span style=\"font-size: 16px;\">, za\u00a0kt\u00f3r\u0105 kupujemy nieruchomo\u015bci na\u00a0planszy lub wymieniamy na\u00a0niespodzianki na\u00a0koniec roku.<\/span>\n<div><\/div>\n<\/li>\n<\/ul>\n<p style=\"font-weight: 400;\">A\u00a0do\u00a0tego specjalne <strong>okulary i\u00a0lupka<\/strong> u\u0142atwiaj\u0105ce zapami\u0119tywanie materia\u0142u.<\/p>\n<p style=\"font-weight: 400;\">Razem z\u00a0nami w\u00a0Funtown mieszkaj\u0105 <strong>FUZZY FRIENDS<\/strong> \u2013 puszyste kulki dzi\u0119ki kt\u00f3rym\u00a0dzieciaki ucz\u0105 si\u0119 pyta\u0107 i\u00a0odpowiada\u0107 &#8211; czyli prowadzi\u0107 rozmowy. Jest ich a\u017c\u00a08 i\u00a0ka\u017cdy z\u00a0nich ma\u00a0super moc zadawania pyta\u0144!!<\/p>\n<p style=\"font-weight: 400;\">To\u00a0jeszcze nie\u00a0koniec niesamowito\u015bci w\u00a0Funtown. Do\u00a0ka\u017cdego kursu <strong>aplikacja na\u00a0telefon gratis<\/strong>, dzi\u0119ki kt\u00f3rej\u00a0twoje\u00a0dziecko w\u00a0domu ch\u0119tnie si\u0119gnie po\u00a0angielski i\u00a0utrwali materia\u0142 z\u00a0zaj\u0119\u0107 graj\u0105c w\u00a0ciekaw\u0105 i\u00a0zabawn\u0105 gr\u0119.<\/p>\n<div><b><span>Czego mo\u017cesz oczekiwa\u0107 po\u00a0zaj\u0119ciach metod\u0105 Funtown:<\/span><\/b><\/div>\n<ul style=\"text-align: justify;\">\n<li style=\"text-align: left;\">wzrostu motywacji do\u00a0nauki angielskiego<\/li>\n<li style=\"text-align: left;\">mn\u00f3stwa zapami\u0119tanych s\u0142\u00f3wek<\/li>\n<li style=\"text-align: left;\">\u015bwietnie opanowanych sytuacji \u017cyciowych, w\u00a0kt\u00f3rych\u00a0Twoje\u00a0dziecko wykorzysta angielski<\/li>\n<li style=\"text-align: left;\">wi\u0119kszej swobody w\u00a0m\u00f3wieniu<\/li>\n<li style=\"text-align: left;\">coraz lepszej wymowy i\u00a0pracy z\u00a0tekstem<\/li>\n<\/ul>\n<p style=\"font-weight: 400;\"><strong>Najpro\u015bciej m\u00f3wi\u0105c ta\u00a0metoda jest pe\u0142na edukacyjnych hit\u00f3w!<\/strong><\/p>\n<p>[\/et_pb_text][\/et_pb_column][\/et_pb_row][et_pb_row column_structure=&#8221;1_2,1_2&#8243; make_equal=&#8221;on&#8221; _builder_version=&#8221;4.16&#8243; global_colors_info=&#8221;{}&#8221;][et_pb_column type=&#8221;1_2&#8243; _builder_version=&#8221;4.16&#8243; custom_padding=&#8221;|||&#8221; global_colors_info=&#8221;{}&#8221; custom_padding__hover=&#8221;|||&#8221;][et_pb_text _builder_version=&#8221;4.21.0&#8243; text_font=&#8221;||||||||&#8221; header_font=&#8221;||||||||&#8221; header_2_font=&#8221;Fredoka One||||||||&#8221; header_2_font_size=&#8221;42px&#8221; header_2_line_height=&#8221;1.4em&#8221; header_2_font_size_tablet=&#8221;&#8221; header_2_font_size_phone=&#8221;30px&#8221; header_2_font_size_last_edited=&#8221;on|phone&#8221; inline_fonts=&#8221;Roboto,Akaya Telivigala,Caveat Brush&#8221; global_colors_info=&#8221;{}&#8221;]<\/p>\n<h2><span style=\"font-family: Caveat Brush; font-weight: normal;\"><strong>KURS DLA 8-KLASIST\u00d3W ZAJ\u0118CIA DWA RAZ <br \/>W&nbsp;TYGODNIU PO\u00a060 MIN<\/strong><\/span><\/h2>\n<h6><\/h6>\n<h6><\/h6>\n<p>[\/et_pb_text][\/et_pb_column][et_pb_column type=&#8221;1_2&#8243; _builder_version=&#8221;4.16&#8243; custom_padding=&#8221;|||&#8221; global_colors_info=&#8221;{}&#8221; custom_padding__hover=&#8221;|||&#8221;][et_pb_text _builder_version=&#8221;4.16&#8243; text_font=&#8221;||||||||&#8221; text_font_size=&#8221;16px&#8221; text_line_height=&#8221;2em&#8221; header_font=&#8221;||||||||&#8221; header_6_font=&#8221;||||||||&#8221; text_font_size_tablet=&#8221;&#8221; text_font_size_phone=&#8221;14px&#8221; text_font_size_last_edited=&#8221;on|phone&#8221; locked=&#8221;off&#8221; global_colors_info=&#8221;{}&#8221;]<\/p>\n<p style=\"font-weight: 400; text-align: justify;\">Celem kursu jest przygotowanie uczestnik\u00f3w do\u00a0zdania egzaminu <br \/>8-klasisty. Kurs ten obejmuje wszystkie obszary wymagane przez\u00a0Centraln\u0105 Komisj\u0119 Egzaminacyjn\u0105. Obszary j\u0119zykowe podlegaj\u0105ce ocenie to\u00a0rozumienie ze\u00a0s\u0142uchu, znajomo\u015b\u0107 funkcji j\u0119zykowych, rozumienie tekst\u00f3w pisanych, znajomo\u015b\u0107 \u015brodk\u00f3w j\u0119zykowych oraz\u00a0wypowied\u017a pisemna.<\/p>\n<p style=\"font-weight: 400;\"><strong>Z\u00a0nami szybko nadrobisz zaleg\u0142o\u015bci, prze\u0142amiesz barier\u0119 j\u0119zykow\u0105, opracujesz strategi\u0119 egzaminacyjn\u0105 i\u00a0efektywnie przygotujesz si\u0119 do\u00a0testu.<\/strong><\/p>\n<p style=\"font-weight: 400;\">Nauka w ma\u0142ych grupach do max. 8 os\u00f3b, kursy prowadzone przez do\u015bwiadczonych lektor\u00f3w, zaj\u0119cia od wrze\u015bnia do maja.<\/p>\n<p>[\/et_pb_text][\/et_pb_column][\/et_pb_row][\/et_pb_section][et_pb_section fb_built=&#8221;1&#8243; admin_label=&#8221;FAQ&#8221; _builder_version=&#8221;4.16&#8243; parallax=&#8221;on&#8221; module_alignment=&#8221;right&#8221; custom_padding=&#8221;6vw||||false|false&#8221; top_divider_style=&#8221;waves&#8221; top_divider_color=&#8221;#ffffff&#8221; top_divider_height=&#8221;6vw&#8221; top_divider_repeat=&#8221;0.75x&#8221; top_divider_flip=&#8221;vertical&#8221; box_shadow_style=&#8221;preset6&#8243; box_shadow_vertical=&#8221;100px&#8221; box_shadow_blur=&#8221;140px&#8221; box_shadow_spread=&#8221;-40px&#8221; box_shadow_color=&#8221;rgba(0,0,0,0.07)&#8221; global_colors_info=&#8221;{}&#8221; border_radii__hover=&#8221;on||||&#8221; border_radii__hover_enabled=&#8221;on||||&#8221;][\/et_pb_section][et_pb_section fb_built=&#8221;1&#8243; fullwidth=&#8221;on&#8221; admin_label=&#8221;Footer&#8221; _builder_version=&#8221;4.16&#8243; global_colors_info=&#8221;{}&#8221;][et_pb_fullwidth_image src=&#8221;https:\/\/kidsacademy.fun\/wp-content\/uploads\/2023\/07\/bottom_banner.jpg&#8221; title_text=&#8221;bottom_banner&#8221; _builder_version=&#8221;4.21.0&#8243; animation_style=&#8221;slide&#8221; animation_direction=&#8221;bottom&#8221; animation_intensity_slide=&#8221;2%&#8221; global_colors_info=&#8221;{}&#8221;][\/et_pb_fullwidth_image][\/et_pb_section]<\/p>\n","protected":false},"excerpt":{"rendered":"<p>KURS DLA PRZEDSZKOLAK\u00d3W FUNTOWN JUNIOR 4-6 lat ZAJ\u0118CIA 2 RAZY W&nbsp;TYGODNIU PO&nbsp;40 MIN Trzy poziomy przygody z\u00a0gadaj\u0105cymi ksi\u0105\u017ceczkami, kt\u00f3re przenosz\u0105 dzieci w\u00a0bajkowy \u015bwiat. W\u00a0Kids Academy zamieszka\u0142a ogromna, kolorowa g\u0105sienica, kt\u00f3ra\u00a0ma\u00a0wielki apetyt i\u00a0lubi gdy\u00a0na\u00a0zaj\u0119cia przychodz\u0105 dzieci, kt\u00f3re przynosz\u0105 jej ukochany przysmak \u2013 angielskie s\u0142\u00f3wko. A\u00a0mo\u017ce twoje\u00a0dziecko chce j\u0105\u00a0spotka\u0107? Na\u00a0zaj\u0119ciach Funtown Junior dzieci: ucz\u0105 si\u0119 j\u0119zyka naturalnie [&hellip;]<\/p>\n","protected":false},"author":1,"featured_media":0,"parent":0,"menu_order":0,"comment_status":"closed","ping_status":"closed","template":"","meta":{"_et_pb_use_builder":"on","_et_pb_old_content":"","_et_gb_content_width":"","footnotes":""},"class_list":["post-34","page","type-page","status-publish","hentry"],"_links":{"self":[{"href":"https:\/\/kidsacademy.fun\/index.php?rest_route=\/wp\/v2\/pages\/34","targetHints":{"allow":["GET"]}}],"collection":[{"href":"https:\/\/kidsacademy.fun\/index.php?rest_route=\/wp\/v2\/pages"}],"about":[{"href":"https:\/\/kidsacademy.fun\/index.php?rest_route=\/wp\/v2\/types\/page"}],"author":[{"embeddable":true,"href":"https:\/\/kidsacademy.fun\/index.php?rest_route=\/wp\/v2\/users\/1"}],"replies":[{"embeddable":true,"href":"https:\/\/kidsacademy.fun\/index.php?rest_route=%2Fwp%2Fv2%2Fcomments&post=34"}],"version-history":[{"count":28,"href":"https:\/\/kidsacademy.fun\/index.php?rest_route=\/wp\/v2\/pages\/34\/revisions"}],"predecessor-version":[{"id":707,"href":"https:\/\/kidsacademy.fun\/index.php?rest_route=\/wp\/v2\/pages\/34\/revisions\/707"}],"wp:attachment":[{"href":"https:\/\/kidsacademy.fun\/index.php?rest_route=%2Fwp%2Fv2%2Fmedia&parent=34"}],"curies":[{"name":"wp","href":"https:\/\/api.w.org\/{rel}","templated":true}]}}